{"id":83,"date":"2019-03-19T12:46:35","date_gmt":"2019-03-19T11:46:35","guid":{"rendered":"https:\/\/www.minigolf-wiesloch.de\/Minigolf-Wiesloch\/?page_id=83"},"modified":"2026-03-13T10:58:00","modified_gmt":"2026-03-13T09:58:00","slug":"spielgebuehren","status":"publish","type":"page","link":"https:\/\/www.minigolf-wiesloch.de\/Minigolf-Wiesloch\/spielgebuehren\/","title":{"rendered":"Spielgeb\u00fchren"},"content":{"rendered":"<h1><strong>Spielgeb\u00fchren f\u00fcr 1 Runde \/ 18 Bahnen<\/strong><\/h1>\n<p>&nbsp;<\/p>\n<h2>Erwachsene: <strong>3,00<\/strong> EUR<\/h2>\n<h2>Kinder \/Jugendl.\u00a0 (bis 16 Jahre): 2,5<strong>0<\/strong> EUR<\/h2>\n<p>&nbsp;<\/p>\n<p style=\"text-align: center;\"><strong>Tel. 06222 &#8211; 81296<\/strong><\/p>\n","protected":false},"excerpt":{"rendered":"<p>Spielgeb\u00fchren f\u00fcr 1 Runde \/ 18 Bahnen &nbsp; Erwachsene: 3,00 EUR Kinder [&hellip;]<\/p>\n","protected":false},"author":1,"featured_media":0,"parent":0,"menu_order":0,"comment_status":"closed","ping_status":"closed","template":"","meta":[],"_links":{"self":[{"href":"https:\/\/www.minigolf-wiesloch.de\/Minigolf-Wiesloch\/wp-json\/wp\/v2\/pages\/83"}],"collection":[{"href":"https:\/\/www.minigolf-wiesloch.de\/Minigolf-Wiesloch\/wp-json\/wp\/v2\/pages"}],"about":[{"href":"https:\/\/www.minigolf-wiesloch.de\/Minigolf-Wiesloch\/wp-json\/wp\/v2\/types\/page"}],"author":[{"embeddable":true,"href":"https:\/\/www.minigolf-wiesloch.de\/Minigolf-Wiesloch\/wp-json\/wp\/v2\/users\/1"}],"replies":[{"embeddable":true,"href":"https:\/\/www.minigolf-wiesloch.de\/Minigolf-Wiesloch\/wp-json\/wp\/v2\/comments?post=83"}],"version-history":[{"count":7,"href":"https:\/\/www.minigolf-wiesloch.de\/Minigolf-Wiesloch\/wp-json\/wp\/v2\/pages\/83\/revisions"}],"predecessor-version":[{"id":171,"href":"https:\/\/www.minigolf-wiesloch.de\/Minigolf-Wiesloch\/wp-json\/wp\/v2\/pages\/83\/revisions\/171"}],"wp:attachment":[{"href":"https:\/\/www.minigolf-wiesloch.de\/Minigolf-Wiesloch\/wp-json\/wp\/v2\/media?parent=83"}],"curies":[{"name":"wp","href":"https:\/\/api.w.org\/{rel}","templated":true}]}}