{"id":8,"date":"2018-05-23T13:02:23","date_gmt":"2018-05-23T11:02:23","guid":{"rendered":"https:\/\/minigolf-wiesloch.de\/Minigolf-Wiesloch\/?page_id=8"},"modified":"2019-03-19T12:42:03","modified_gmt":"2019-03-19T11:42:03","slug":"spielregeln","status":"publish","type":"page","link":"https:\/\/www.minigolf-wiesloch.de\/Minigolf-Wiesloch\/spielregeln\/","title":{"rendered":"Spielregeln"},"content":{"rendered":"<div id=\"cc-m-11241294677\" class=\"j-module n j-header \">\n<h3 id=\"cc-m-header-11241294677\">Unsere Minigolf-Anlage<\/h3>\n<\/div>\n<div id=\"cc-m-11241293177\" class=\"j-module n j-hgrid \">\n<div class=\"cc-m-hgrid-column\">\n<div id=\"cc-matrix-3144925477\">\n<div id=\"cc-m-11241294777\" class=\"j-module n j-text \">\n<p>Bei unsere Anlage handelt es sich genauer um eine Miniaturgolf-Anlage.<\/p>\n<p>Die Bahnen sind fast alle 90 cm breit und 6,25 m Lang.<\/p>\n<p>Der Zielkreis hat einen Durchmesser von 1,40 m.<\/p>\n<p>Die Bahnen bestehen aus einem Metallrahmen auf dem Faserbeton-Platten liegen.<\/p>\n<p>Die Hindernisse bestehen bei modernen Bahnen aus Metall, Alu Debond Platten, und Faser-verst\u00e4rktem Kunststoff. <strong>Miniaturgolfbahnen d\u00fcrfen nicht betreten werden<\/strong>.<\/p>\n<p>Wir haben unsere 18 Bahnen aus den zur zeit 28\u00a0 genormten Bahnen ausgew\u00e4hlt und auf Grund der unterschiedlichen Schwerpunkte der einzelnen Bahnen zusammengestellt.<\/p>\n<\/div>\n<\/div>\n<\/div>\n<\/div>\n<h3>Auszug aus den Internationalen Minigolf-Regeln:<\/h3>\n<ul>\n<li><strong>An jeder Bahn ist der Ball mit m\u00f6glichst wenigen Schl\u00e4gen vom Abschlagspunkt in das Ziel zu bringen.<\/strong><\/li>\n<li><strong>Der Ball muss solange vom Abschlag gespielt werden, bis er das Hindernis (oder wenn vorhanden die rote Linie) ordnungsgem\u00e4\u00df \u00fcberwunden hat. Jeder Schlag z\u00e4hlt dabei einen Punkt.<\/strong><\/li>\n<li><strong>Nach dem Hindernis (der roten Linie) wird der Ball von der Stelle an weitergespielt, wo er liegen geblieben ist. Rollt der Ball \u00fcber die Rote Linie zur\u00fcck in Richtung Abschlag, so darf er von dem Punkt an weitergespielt werden, wo er die Rote Linie beim zur\u00fcck rollen \u00fcberschritten hat.<\/strong><\/li>\n<li><strong>Der Ball darf nur im ruhenden Zustand gespielt werden. Ist dies nicht der Fall, so gibt es hierf\u00fcr einen Strafpunkt.<\/strong><\/li>\n<\/ul>\n<ul>\n<li><strong>Bleibt der Ball unspielbar am Hindernis oder der Bande liegen, so darf er ca.15-20 cm in die Bahn hineingelegt werden (schwarze Linie) und wird von dort weitergespielt.<\/strong><\/li>\n<li><strong>Verl\u00e4sst ein Ball nach einem Hindernis (rote Linie) die Bahn, so wird er wieder dort eingesetzt, wo er die Bahn verlassen hat &#8211; Kein Strafpunkt. Hat der Ball die Bahn vor der roten Linie verlassen, wird wieder vom Abschlag aus gespielt.<\/strong><\/li>\n<li><strong>Ist der Ball nach 6 Schl\u00e4gen immer noch nicht im Ziel, so wird <span style=\"color: #ff0000;\">7<\/span> notiert und das Spiel an der n\u00e4chsten Bahn fortgesetzt.<\/strong><\/li>\n<\/ul>\n","protected":false},"excerpt":{"rendered":"<p>Unsere Minigolf-Anlage Bei unsere Anlage handelt es sich genauer um eine Miniaturgolf-Anlage. [&hellip;]<\/p>\n","protected":false},"author":1,"featured_media":0,"parent":0,"menu_order":0,"comment_status":"closed","ping_status":"closed","template":"","meta":[],"_links":{"self":[{"href":"https:\/\/www.minigolf-wiesloch.de\/Minigolf-Wiesloch\/wp-json\/wp\/v2\/pages\/8"}],"collection":[{"href":"https:\/\/www.minigolf-wiesloch.de\/Minigolf-Wiesloch\/wp-json\/wp\/v2\/pages"}],"about":[{"href":"https:\/\/www.minigolf-wiesloch.de\/Minigolf-Wiesloch\/wp-json\/wp\/v2\/types\/page"}],"author":[{"embeddable":true,"href":"https:\/\/www.minigolf-wiesloch.de\/Minigolf-Wiesloch\/wp-json\/wp\/v2\/users\/1"}],"replies":[{"embeddable":true,"href":"https:\/\/www.minigolf-wiesloch.de\/Minigolf-Wiesloch\/wp-json\/wp\/v2\/comments?post=8"}],"version-history":[{"count":7,"href":"https:\/\/www.minigolf-wiesloch.de\/Minigolf-Wiesloch\/wp-json\/wp\/v2\/pages\/8\/revisions"}],"predecessor-version":[{"id":82,"href":"https:\/\/www.minigolf-wiesloch.de\/Minigolf-Wiesloch\/wp-json\/wp\/v2\/pages\/8\/revisions\/82"}],"wp:attachment":[{"href":"https:\/\/www.minigolf-wiesloch.de\/Minigolf-Wiesloch\/wp-json\/wp\/v2\/media?parent=8"}],"curies":[{"name":"wp","href":"https:\/\/api.w.org\/{rel}","templated":true}]}}