{"id":2,"date":"2018-05-23T12:52:27","date_gmt":"2018-05-23T10:52:27","guid":{"rendered":"https:\/\/minigolf-wiesloch.de\/Minigolf-Wiesloch\/?page_id=2"},"modified":"2026-03-10T08:37:09","modified_gmt":"2026-03-10T07:37:09","slug":"home","status":"publish","type":"page","link":"https:\/\/www.minigolf-wiesloch.de\/Minigolf-Wiesloch\/","title":{"rendered":"Home"},"content":{"rendered":"<h3 style=\"text-align: center;\"><span style=\"color: #ff0000;\">Liebe G\u00e4ste, die Minigolf &#8211; Anlage ist ab<\/span><\/h3>\n<h3 style=\"text-align: center;\"><span style=\"color: #ff0000;\">Freitag, 13.03.2026 wieder ge\u00f6ffnet!<\/span><\/h3>\n<p><strong>Herzlich Willkommen auf der Homepage<br \/>\n<\/strong><\/p>\n<p><strong>-Minigolf-Anlage Wiesloch-<\/strong><br \/>\n<strong>\u00a0Parkstra\u00dfe 2<\/strong><br \/>\n<strong>\u00a069168 Wiesloch<\/strong><\/p>\n<p>Im Fr\u00fchling, Sommer und bis in den Herbst, sorgt der sch\u00f6ne Baumbestand f\u00fcr angenehmen Schatten entlang der Bahnen und es gibt immer wieder Sitzm\u00f6glichkeiten, so dass Sie sich auch bei einer l\u00e4nger andauernden Runde, zwischendurch ausruhen k\u00f6nnen.<\/p>\n<p>Dieses Freizeitvergn\u00fcgen und die sportliche Aktivit\u00e4t finden Sie einmalig gegen\u00fcber des sch\u00f6nen Gerbersruhparks.<br \/>\nMinigolf findet in einer gem\u00fctlicher Atmosph\u00e4re statt und ist eine sportliche T\u00e4tigkeit f\u00fcr Jung und Alt.<\/p>\n<p>Direkt am Rande des Stadtwaldes, bieten unsere 18 unterhaltsam spielende Bahnen, in unmittelbarer Natur, Spa\u00df f\u00fcr jedermann.<\/p>\n<p>Wir sind sicher, dass Ihnen unsere Anlage gefallen wird. Familie Seidler freut sich auf Ihren Besuch!<\/p>\n","protected":false},"excerpt":{"rendered":"<p>Liebe G\u00e4ste, die Minigolf &#8211; Anlage ist ab Freitag, 13.03.2026 wieder ge\u00f6ffnet! [&hellip;]<\/p>\n","protected":false},"author":1,"featured_media":0,"parent":0,"menu_order":0,"comment_status":"closed","ping_status":"open","template":"","meta":[],"_links":{"self":[{"href":"https:\/\/www.minigolf-wiesloch.de\/Minigolf-Wiesloch\/wp-json\/wp\/v2\/pages\/2"}],"collection":[{"href":"https:\/\/www.minigolf-wiesloch.de\/Minigolf-Wiesloch\/wp-json\/wp\/v2\/pages"}],"about":[{"href":"https:\/\/www.minigolf-wiesloch.de\/Minigolf-Wiesloch\/wp-json\/wp\/v2\/types\/page"}],"author":[{"embeddable":true,"href":"https:\/\/www.minigolf-wiesloch.de\/Minigolf-Wiesloch\/wp-json\/wp\/v2\/users\/1"}],"replies":[{"embeddable":true,"href":"https:\/\/www.minigolf-wiesloch.de\/Minigolf-Wiesloch\/wp-json\/wp\/v2\/comments?post=2"}],"version-history":[{"count":7,"href":"https:\/\/www.minigolf-wiesloch.de\/Minigolf-Wiesloch\/wp-json\/wp\/v2\/pages\/2\/revisions"}],"predecessor-version":[{"id":167,"href":"https:\/\/www.minigolf-wiesloch.de\/Minigolf-Wiesloch\/wp-json\/wp\/v2\/pages\/2\/revisions\/167"}],"wp:attachment":[{"href":"https:\/\/www.minigolf-wiesloch.de\/Minigolf-Wiesloch\/wp-json\/wp\/v2\/media?parent=2"}],"curies":[{"name":"wp","href":"https:\/\/api.w.org\/{rel}","templated":true}]}}